{"id":25,"date":"2024-04-23T19:25:51","date_gmt":"2024-04-23T16:25:51","guid":{"rendered":"https:\/\/www.ottodenetim.com.tr\/index.php\/contact\/"},"modified":"2024-12-09T09:58:36","modified_gmt":"2024-12-09T06:58:36","slug":"iletisim","status":"publish","type":"page","link":"https:\/\/www.ottodenetim.com.tr\/index.php\/iletisim\/","title":{"rendered":"\u0130leti\u015fim"},"content":{"rendered":"\n<div class=\"wp-block-group alignfull gutenify-section-6f4acc50-0dc7-11ee-9977-cd9622673252 is-layout-constrained wp-container-core-group-is-layout-111b2e00 wp-block-group-is-layout-constrained gtfy-44\">\n<div class=\"wp-block-cover alignfull is-light gutenify-section-6f448ac0-0dc7-11ee-9977-cd9622673252 gtfy-3\" style=\"min-height:405px;aspect-ratio:unset;\"><span aria-hidden=\"true\" class=\"wp-block-cover__background has-foreground-background-color has-background-dim\"><\/span><img decoding=\"async\" class=\"wp-block-cover__image-background wp-image-766\" alt=\"\" src=\"https:\/\/demo.gutenify.com\/gutenify-business\/wp-content\/themes\/gutenify-business\/images\/inner-banner.jpg\" style=\"object-position:47% 65%\" data-object-fit=\"cover\" data-object-position=\"47% 65%\"\/><div class=\"wp-block-cover__inner-container is-layout-flow wp-block-cover-is-layout-flow\">\n<div class=\"wp-block-group alignwide gutenify-section-6f441590-0dc7-11ee-9977-cd9622673252 is-layout-constrained wp-block-group-is-layout-constrained gtfy-2\"><h1 class=\"has-text-align-center alignwide wp-block-post-title has-text-color has-background-color has-large-font-size gtfy-1\" class=\"has-text-align-center alignwide wp-block-post-title has-text-color has-background-color has-large-font-size gtfy-1\" id=\"iletisim\">\u0130leti\u015fim<\/h1><\/div>\n<\/div><\/div>\n\n\n\n<div class=\"wp-block-group alignfull gutenify-section-6f4a7e30-0dc7-11ee-9977-cd9622673252 is-layout-constrained wp-block-group-is-layout-constrained gtfy-40\">\n<div class=\"wp-block-gutenify-container alignwide gutenify-block-container-wrapper gutenify-container-version-2 gutenify-section-60cf2b9d-2424-45ed-a74a-e423caf84052 gtfy-39\"><div class=\"gutenify-container\">\n<div class=\"wp-block-columns alignwide are-vertically-aligned-center gutenify-section-6f4a3010-0dc7-11ee-9977-cd9622673252 is-layout-flex wp-container-core-columns-is-layout-28f84493 wp-block-columns-is-layout-flex gtfy-38\">\n<div class=\"wp-block-column is-vertically-aligned-center gutenify-section-6f4945b0-0dc7-11ee-9977-cd9622673252 is-layout-flow wp-block-column-is-layout-flow gtfy-34\"><div class=\"has-text-align-left wp-block-gutenify-section-title gtfy-4\"><div class=\"gutenify-section-title-section \"><p class=\" gutenify-section-title-prefix\">CONTACT US<\/p><h2 class=\" gutenify-section-title-main\" class=\" gutenify-section-title-main\" id=\"iletisim\">\u0130leti\u015fim<\/h2><p class=\" gutenify-section-title-suffix\"><\/p><\/div><\/div>\n\n\n<div class=\"wp-block-gutenify-service gutenify-service-layout-2 gutenify-service-col-2 gutenify--service--hide-button gutenify-service-version-2 alignundefined gutenify-service-block-wrapper gutenify-section-a4305800-a651-4864-a09c-2f33590f4b10 gtfy-33\"><div class=\"gutenify-service-block\">\n<div class=\"wp-block-gutenify-info-box gutenify-info-box-layout-2 gutenify-info-box-version-2 flex-col-item gutenify-section-7764d261-88a4-4f29-876b-1d41af436cbe gtfy-11\">\n<div class=\"wp-block-gutenify-icon flex-col-item is-content-justification-center gutenify-icon-version-2 gutenify-section-edf9b9dc-6f51-406c-8218-59fcd8ca9ff9 gtfy-5\"><div class=\"gutenify-icon-wrapper\"><i class=\"fas fa-map-marker-alt\"><\/i><\/div><\/div>\n\n\n\n<h3 class=\"wp-block-heading has-text-align-left gutenify-admin-info-box-block-title gutenify-section-6f44d8e0-0dc7-11ee-9977-cd9622673252 gtfy-6\" class=\"wp-block-heading has-text-align-left gutenify-admin-info-box-block-title gutenify-section-6f44d8e0-0dc7-11ee-9977-cd9622673252 gtfy-6\" id=\"adres\">Adres<\/h3>\n\n\n\n<h4 class=\"wp-block-heading has-text-align-left gutenify-admin-info-box-block-subtitle gutenify-section-6f454e10-0dc7-11ee-9977-cd9622673252 gtfy-7\" class=\"wp-block-heading has-text-align-left gutenify-admin-info-box-block-subtitle gutenify-section-6f454e10-0dc7-11ee-9977-cd9622673252 gtfy-7\" id=\"guluk-mah-gollu-sok-alphan-lapis-is-merkezi-no-7-32-melikgazi-kayseri\">G\u00fcl\u00fck Mah. G\u00f6ll\u00fc Sok. Alphan Lapis \u0130\u015f Merkezi No 7\/32 , Melikgazi Kayseri<\/h4>\n\n\n\n<p class=\"has-text-align-left gutenify-admin-info-box-block-content gutenify-section-6f459c30-0dc7-11ee-9977-cd9622673252 gtfy-8\"><\/p>\n\n\n\n<div class=\"wp-block-gutenify-buttons is-content-justification-left wp-block-buttons gutenify-buttons-version-2 gutenify-section-6f461160-0dc7-11ee-9977-cd9622673252 gtfy-10\"><\/div>\n<\/div>\n\n\n\n<div class=\"wp-block-gutenify-info-box gutenify-info-box-layout-2 gutenify-info-box-version-2 flex-col-item gutenify-section-6e20f20b-3d06-4604-bcf4-4125470210d0 gtfy-18\">\n<div class=\"wp-block-gutenify-icon flex-col-item is-content-justification-center gutenify-icon-version-2 gutenify-section-22b32afe-63d8-4c47-908f-2db0fba5aeaa gtfy-12\"><div class=\"gutenify-icon-wrapper\"><i class=\"fas fa-phone\"><\/i><\/div><\/div>\n\n\n\n<h3 class=\"wp-block-heading has-text-align-left gutenify-admin-info-box-block-title gutenify-section-6f463870-0dc7-11ee-9977-cd9622673252 gtfy-13\" class=\"wp-block-heading has-text-align-left gutenify-admin-info-box-block-title gutenify-section-6f463870-0dc7-11ee-9977-cd9622673252 gtfy-13\" id=\"telefon\">Telefon<\/h3>\n\n\n\n<h4 class=\"wp-block-heading has-text-align-left gutenify-admin-info-box-block-subtitle gutenify-section-6f468690-0dc7-11ee-9977-cd9622673252 gtfy-14\" class=\"wp-block-heading has-text-align-left gutenify-admin-info-box-block-subtitle gutenify-section-6f468690-0dc7-11ee-9977-cd9622673252 gtfy-14\" id=\"90-533-438-08-91\">+90 533 438 08 91<\/h4>\n\n\n\n<p class=\"has-text-align-left gutenify-admin-info-box-block-content gutenify-section-6f46ada0-0dc7-11ee-9977-cd9622673252 gtfy-15\"><\/p>\n\n\n\n<div class=\"wp-block-gutenify-buttons is-content-justification-left wp-block-buttons gutenify-buttons-version-2 gutenify-section-6f4722d0-0dc7-11ee-9977-cd9622673252 gtfy-17\"><\/div>\n<\/div>\n\n\n\n<div class=\"wp-block-gutenify-info-box gutenify-info-box-layout-2 gutenify-info-box-version-2 flex-col-item gutenify-section-b291af32-5d9f-4299-a902-fab3c337007c gtfy-25\">\n<div class=\"wp-block-gutenify-icon flex-col-item is-content-justification-center gutenify-icon-version-2 gutenify-section-009cce0f-fc50-4dba-aca7-6896390ae729 gtfy-19\"><div class=\"gutenify-icon-wrapper\"><i class=\"far fa-comments\"><\/i><\/div><\/div>\n\n\n\n<h3 class=\"wp-block-heading has-text-align-left gutenify-admin-info-box-block-title gutenify-section-6f4770f0-0dc7-11ee-9977-cd9622673252 gtfy-20\" class=\"wp-block-heading has-text-align-left gutenify-admin-info-box-block-title gutenify-section-6f4770f0-0dc7-11ee-9977-cd9622673252 gtfy-20\" id=\"e-posta\">E-Posta<\/h3>\n\n\n\n<h4 class=\"wp-block-heading has-text-align-left gutenify-admin-info-box-block-subtitle gutenify-section-6f479800-0dc7-11ee-9977-cd9622673252 gtfy-21\" class=\"wp-block-heading has-text-align-left gutenify-admin-info-box-block-subtitle gutenify-section-6f479800-0dc7-11ee-9977-cd9622673252 gtfy-21\" id=\"infoottodenetim-com-tr\"><a href=\"mailto:info@example.com\">info@ottodenetim.com.tr<\/a><\/h4>\n\n\n\n<p class=\"has-text-align-left gutenify-admin-info-box-block-content gutenify-section-6f47bf10-0dc7-11ee-9977-cd9622673252 gtfy-22\"><\/p>\n\n\n\n<div class=\"wp-block-gutenify-buttons is-content-justification-left wp-block-buttons gutenify-buttons-version-2 gutenify-section-6f483440-0dc7-11ee-9977-cd9622673252 gtfy-24\"><\/div>\n<\/div>\n\n\n\n<div class=\"wp-block-gutenify-info-box gutenify-info-box-layout-2 gutenify-info-box-version-2 flex-col-item gutenify-section-16ffcb35-6398-4228-937b-dca000d94659 gtfy-32\">\n<div class=\"wp-block-gutenify-icon flex-col-item is-content-justification-center gutenify-icon-version-2 gutenify-section-1f062eda-2b92-45a8-a2ce-dc35ce5a2357 gtfy-26\"><div class=\"gutenify-icon-wrapper\"><i class=\"fas fa-globe\"><\/i><\/div><\/div>\n\n\n\n<h3 class=\"wp-block-heading has-text-align-left gutenify-admin-info-box-block-title gutenify-section-6f485b50-0dc7-11ee-9977-cd9622673252 gtfy-27\" class=\"wp-block-heading has-text-align-left gutenify-admin-info-box-block-title gutenify-section-6f485b50-0dc7-11ee-9977-cd9622673252 gtfy-27\" id=\"internet-sitemiz\">\u0130nternet Sitemiz<\/h3>\n\n\n\n<h6 class=\"wp-block-heading has-text-align-left gutenify-admin-info-box-block-subtitle gutenify-section-6f488260-0dc7-11ee-9977-cd9622673252 gtfy-28\" class=\"wp-block-heading has-text-align-left gutenify-admin-info-box-block-subtitle gutenify-section-6f488260-0dc7-11ee-9977-cd9622673252 gtfy-28\" id=\"www-ottodenetim-com-tr\">www.ottodenetim.com.tr<\/h6>\n\n\n\n<p class=\"has-text-align-left gutenify-admin-info-box-block-content gutenify-section-6f48d080-0dc7-11ee-9977-cd9622673252 gtfy-29\"><\/p>\n\n\n\n<div class=\"wp-block-gutenify-buttons is-content-justification-left wp-block-buttons gutenify-buttons-version-2 gutenify-section-6f48f790-0dc7-11ee-9977-cd9622673252 gtfy-31\"><\/div>\n<\/div>\n<\/div><\/div>\n<\/div>\n\n\n\n<div class=\"wp-block-column is-vertically-aligned-center gutenify-section-6f49e1f0-0dc7-11ee-9977-cd9622673252 is-layout-flow wp-block-column-is-layout-flow gtfy-37\" style=\"padding-top:40px;padding-right:40px;padding-bottom:40px;padding-left:40px\">\n<div class=\"wp-block-group alignwide has-no-hover-shadow-dark gutenify-section-6f49bae0-0dc7-11ee-9977-cd9622673252 is-layout-constrained wp-container-core-group-is-layout-69de643f wp-block-group-is-layout-constrained gtfy-36\" style=\"padding-top:40px;padding-right:40px;padding-bottom:40px;padding-left:40px\"><div class=\"wpforms-container wpforms-container-full wpforms-block wpforms-block-ddad1a5d-de31-45aa-bf08-702a8112c9da wpforms-render-modern gtfy-35\" id=\"wpforms-197\"><form id=\"wpforms-form-197\" class=\"wpforms-validate wpforms-form wpforms-ajax-form\" data-formid=\"197\" method=\"post\" enctype=\"multipart\/form-data\" action=\"\/index.php\/wp-json\/wp\/v2\/pages\/25\" data-token=\"9c3c128dcfb8474f09c154f0f495d0e8\" data-token-time=\"1776350259\"><noscript class=\"wpforms-error-noscript\">Bu formu bitirebilmek i\u00e7in taray\u0131c\u0131n\u0131zda JavaScript&#039;i etkinle\u015ftirin.<\/noscript><div id=\"wpforms-error-noscript\" style=\"display: none;\">Bu formu bitirebilmek i\u00e7in taray\u0131c\u0131n\u0131zda JavaScript&#039;i etkinle\u015ftirin.<\/div><div class=\"wpforms-field-container\"><div id=\"wpforms-197-field_0-container\" class=\"wpforms-field wpforms-field-name\" data-field-id=\"0\"><fieldset><legend class=\"wpforms-field-label\">Ad\u0131 Soyad\u0131 <span class=\"wpforms-required-label\" aria-hidden=\"true\">*<\/span><\/legend><div class=\"wpforms-field-row wpforms-field-medium\"><div class=\"wpforms-field-row-block wpforms-first wpforms-one-half\"><input type=\"text\" id=\"wpforms-197-field_0\" class=\"wpforms-field-name-first wpforms-field-required\" name=\"wpforms[fields][0][first]\" aria-errormessage=\"wpforms-197-field_0-error\" required><label for=\"wpforms-197-field_0\" class=\"wpforms-field-sublabel after\">Ad<\/label><\/div><div class=\"wpforms-field-row-block wpforms-one-half\"><input type=\"text\" id=\"wpforms-197-field_0-last\" class=\"wpforms-field-name-last wpforms-field-required\" name=\"wpforms[fields][0][last]\" aria-errormessage=\"wpforms-197-field_0-last-error\" required><label for=\"wpforms-197-field_0-last\" class=\"wpforms-field-sublabel after\">Soyad<\/label><\/div><\/div><\/fieldset><\/div><div id=\"wpforms-197-field_1-container\" class=\"wpforms-field wpforms-field-email\" data-field-id=\"1\"><label class=\"wpforms-field-label\" for=\"wpforms-197-field_1\">E-posta <span class=\"wpforms-required-label\" aria-hidden=\"true\">*<\/span><\/label><input type=\"email\" id=\"wpforms-197-field_1\" class=\"wpforms-field-medium wpforms-field-required\" name=\"wpforms[fields][1]\" spellcheck=\"false\" aria-errormessage=\"wpforms-197-field_1-error\" required><\/div><div id=\"wpforms-197-field_5-container\" class=\"wpforms-field wpforms-field-text\" data-field-id=\"5\"><label class=\"wpforms-field-label\" for=\"wpforms-197-field_5\">Telefon<\/label><input type=\"text\" id=\"wpforms-197-field_5\" class=\"wpforms-field-medium\" name=\"wpforms[fields][5]\" aria-errormessage=\"wpforms-197-field_5-error\" ><\/div><div id=\"wpforms-197-field_3-container\" class=\"wpforms-field wpforms-field-text\" data-field-id=\"3\"><label class=\"wpforms-field-label\" for=\"wpforms-197-field_3\">Konu<\/label><input type=\"text\" id=\"wpforms-197-field_3\" class=\"wpforms-field-medium\" name=\"wpforms[fields][3]\" aria-errormessage=\"wpforms-197-field_3-error\" ><\/div><div id=\"wpforms-197-field_4-container\" class=\"wpforms-field wpforms-field-textarea\" data-field-id=\"4\"><label class=\"wpforms-field-label\" for=\"wpforms-197-field_4\">Mesaj\u0131n\u0131z<\/label><textarea id=\"wpforms-197-field_4\" class=\"wpforms-field-medium\" name=\"wpforms[fields][4]\" aria-errormessage=\"wpforms-197-field_4-error\" ><\/textarea><\/div><\/div><!-- .wpforms-field-container --><div class=\"wpforms-submit-container\" ><input type=\"hidden\" name=\"wpforms[id]\" value=\"197\"><input type=\"hidden\" name=\"page_title\" value=\"\"><input type=\"hidden\" name=\"page_url\" value=\"https:\/\/www.ottodenetim.com.tr\/index.php\/wp-json\/wp\/v2\/pages\/25\"><input type=\"hidden\" name=\"url_referer\" value=\"\"><button type=\"submit\" name=\"wpforms[submit]\" id=\"wpforms-submit-197\" class=\"wpforms-submit\" data-alt-text=\"G\u00f6nderiliyor...\" data-submit-text=\"G\u00f6nder\" aria-live=\"assertive\" value=\"wpforms-submit\">G\u00f6nder<\/button><img loading=\"lazy\" decoding=\"async\" src=\"https:\/\/www.ottodenetim.com.tr\/wp-content\/plugins\/wpforms-lite\/assets\/images\/submit-spin.svg\" class=\"wpforms-submit-spinner\" style=\"display: none;\" width=\"26\" height=\"26\" alt=\"Y\u00fckleniyor\"><\/div><\/form><\/div>  <!-- .wpforms-container --><\/div>\n<\/div>\n<\/div>\n<\/div><\/div>\n<\/div>\n\n\n\n<div class=\"wp-block-group alignfull gutenify-section-6f4aa540-0dc7-11ee-9977-cd9622673252 is-layout-constrained wp-container-core-group-is-layout-5ee9e528 wp-block-group-is-layout-constrained gtfy-43\" style=\"padding-top:0px;padding-right:20px;padding-bottom:30px;padding-left:20px\">\n<div class=\"wp-block-gutenify-container alignwide gutenify-block-container-wrapper gutenify-container-version-2 gutenify-section-897b0311-9243-4100-9cd5-26a9c2bad5e5 gtfy-42\"><div class=\"gutenify-container\">\n<div class=\"wp-block-gutenify-map gutenify-block-map-wrapper gutenify-map-version-2 gutenify-section-44f05c5c-71c1-4cb9-b639-09490134e318 gtfy-41\"><iframe title=\"Google Map\" frameborder=\"0\" src=\"https:\/\/www.google.com\/maps?q=Otto Ba\u011f\u0131ms\u0131z Denetim&amp;output=embed&amp;hl=tr&amp;z=12\" style=\"width:100%;min-height:400px\"><\/iframe><\/div>\n<\/div><\/div>\n<\/div>\n<\/div>\n","protected":false},"excerpt":{"rendered":"","protected":false},"author":1,"featured_media":0,"parent":0,"menu_order":0,"comment_status":"closed","ping_status":"closed","template":"page-no-title","meta":{"om_disable_all_campaigns":false,"_monsterinsights_skip_tracking":false,"_monsterinsights_sitenote_active":false,"_monsterinsights_sitenote_note":"","_monsterinsights_sitenote_category":0,"_uf_show_specific_survey":0,"_uf_disable_surveys":false,"footnotes":""},"class_list":["post-25","page","type-page","status-publish","hentry"],"aioseo_notices":[],"_links":{"self":[{"href":"https:\/\/www.ottodenetim.com.tr\/index.php\/wp-json\/wp\/v2\/pages\/25","targetHints":{"allow":["GET"]}}],"collection":[{"href":"https:\/\/www.ottodenetim.com.tr\/index.php\/wp-json\/wp\/v2\/pages"}],"about":[{"href":"https:\/\/www.ottodenetim.com.tr\/index.php\/wp-json\/wp\/v2\/types\/page"}],"author":[{"embeddable":true,"href":"https:\/\/www.ottodenetim.com.tr\/index.php\/wp-json\/wp\/v2\/users\/1"}],"replies":[{"embeddable":true,"href":"https:\/\/www.ottodenetim.com.tr\/index.php\/wp-json\/wp\/v2\/comments?post=25"}],"version-history":[{"count":6,"href":"https:\/\/www.ottodenetim.com.tr\/index.php\/wp-json\/wp\/v2\/pages\/25\/revisions"}],"predecessor-version":[{"id":255,"href":"https:\/\/www.ottodenetim.com.tr\/index.php\/wp-json\/wp\/v2\/pages\/25\/revisions\/255"}],"wp:attachment":[{"href":"https:\/\/www.ottodenetim.com.tr\/index.php\/wp-json\/wp\/v2\/media?parent=25"}],"curies":[{"name":"wp","href":"https:\/\/api.w.org\/{rel}","templated":true}]}}