{"id":26,"date":"2024-04-23T19:25:51","date_gmt":"2024-04-23T16:25:51","guid":{"rendered":"https:\/\/www.ottodenetim.com.tr\/index.php\/about-us\/"},"modified":"2024-06-15T16:44:40","modified_gmt":"2024-06-15T13:44:40","slug":"hakkimizda","status":"publish","type":"page","link":"https:\/\/www.ottodenetim.com.tr\/index.php\/hakkimizda\/","title":{"rendered":"Hakk\u0131m\u0131zda"},"content":{"rendered":"\n<div class=\"wp-block-group alignfull has-no-underline gutenify-section-c469fc70-0dc6-11ee-b4c8-8ffef8c33c7d is-layout-flow wp-container-core-group-is-layout-a77db08e wp-block-group-is-layout-flow gtfy-47\">\n<div class=\"wp-block-cover is-light gutenify-section-c44117b0-0dc6-11ee-b4c8-8ffef8c33c7d gtfy-2\" style=\"min-height:405px;aspect-ratio:unset;\"><span aria-hidden=\"true\" class=\"wp-block-cover__background has-foreground-background-color has-background-dim-0 has-background-dim\"><\/span><img decoding=\"async\" class=\"wp-block-cover__image-background wp-image-4208\" alt=\"\" src=\"https:\/\/demo.gutenify.com\/gutenify-bizlite\/wp-content\/uploads\/sites\/155\/2024\/04\/business-smile-laptop-table-shelf-coat-1684086-pxhere.com_.jpg\" data-object-fit=\"cover\"\/><div class=\"wp-block-cover__inner-container is-layout-flow wp-block-cover-is-layout-flow\">\n<div class=\"wp-block-group alignwide gutenify-section-c440a280-0dc6-11ee-b4c8-8ffef8c33c7d is-layout-constrained wp-block-group-is-layout-constrained gtfy-1\"><\/div>\n<\/div><\/div>\n\n\n\n<div class=\"wp-block-group alignfull gutenify-section-9151c6c0-f4ce-11ee-9dbb-61a6e17aabea is-layout-constrained wp-container-core-group-is-layout-bd9170e6 wp-block-group-is-layout-constrained gtfy-25\" style=\"padding-top:5vw;padding-right:20px;padding-bottom:8vw;padding-left:20px\">\n<div class=\"wp-block-columns alignwide gutenify-section-91512a80-f4ce-11ee-9dbb-61a6e17aabea is-layout-flex wp-container-core-columns-is-layout-b6100464 wp-block-columns-is-layout-flex gtfy-24\">\n<div class=\"wp-block-column is-vertically-aligned-center gutenify-section-91496250-f4ce-11ee-9dbb-61a6e17aabea is-layout-flow wp-block-column-is-layout-flow gtfy-7\" style=\"flex-basis:50%\">\n<div class=\"wp-block-group gutenify-section-91491430-f4ce-11ee-9dbb-61a6e17aabea is-layout-constrained wp-block-group-is-layout-constrained gtfy-6\">\n<div class=\"wp-block-group gutenify-section-9148c610-f4ce-11ee-9dbb-61a6e17aabea is-layout-constrained wp-block-group-is-layout-constrained gtfy-5\">\n<div class=\"wp-block-cover is-light animated animated-fadeInUp gutenify-section-914850e0-f4ce-11ee-9dbb-61a6e17aabea gtfy-4\" style=\"border-radius:21px;min-height:674px;aspect-ratio:unset;\"><span aria-hidden=\"true\" class=\"wp-block-cover__background has-background-dim-0 has-background-dim\" style=\"background-color:#95867e\"><\/span><img decoding=\"async\" class=\"wp-block-cover__image-background wp-image-575\" alt=\"\" src=\"https:\/\/demo.gutenify.com\/gutenify-bizlite\/wp-content\/themes\/gutenify-bizlite\/images\/digital-table-organism-desk-interaction-chair-1678420-pxhere.com_.jpg\" data-object-fit=\"cover\"\/><div class=\"wp-block-cover__inner-container is-layout-constrained wp-block-cover-is-layout-constrained\">\n<p class=\"has-text-align-center has-large-font-size gutenify-section-914802c0-f4ce-11ee-9dbb-61a6e17aabea gtfy-3\"><\/p>\n<\/div><\/div>\n<\/div>\n<\/div>\n<\/div>\n\n\n\n<div class=\"wp-block-column is-vertically-aligned-center gutenify-section-9150dc60-f4ce-11ee-9dbb-61a6e17aabea is-layout-flow wp-block-column-is-layout-flow gtfy-23\" style=\"padding-top:40px;padding-right:0px;padding-bottom:40px;padding-left:0px\">\n<div class=\"wp-block-group alignwide gutenify-section-91506730-f4ce-11ee-9dbb-61a6e17aabea is-layout-constrained wp-block-group-is-layout-constrained gtfy-13\">\n<div class=\"wp-block-group gutenify-section-914ae8f0-f4ce-11ee-9dbb-61a6e17aabea is-nowrap is-layout-flex wp-container-core-group-is-layout-6c531013 wp-block-group-is-layout-flex gtfy-10\">\n<div class=\"wp-block-group animated animated-fadeInUp has-border-color has-foreground-border-color gutenify-section-914a4cb0-f4ce-11ee-9dbb-61a6e17aabea is-layout-constrained wp-container-core-group-is-layout-214964be wp-block-group-is-layout-constrained gtfy-9\" style=\"border-width:1px;border-radius:75px;margin-bottom:var(--wp--preset--spacing--40);padding-top:var(--wp--preset--spacing--20);padding-right:var(--wp--preset--spacing--50);padding-bottom:var(--wp--preset--spacing--20);padding-left:var(--wp--preset--spacing--50)\">\n<p class=\"has-text-align-left animated animated-fadeInUp has-foreground-color has-text-color gutenify-section-9149d780-f4ce-11ee-9dbb-61a6e17aabea gtfy-8\" style=\"font-size:15px;letter-spacing:0px\"><strong><mark style=\"background-color:rgba(0, 0, 0, 0)\" class=\"has-inline-color has-foreground-color\">. <\/mark> Hakk\u0131m\u0131zda <mark style=\"background-color:rgba(0, 0, 0, 0)\" class=\"has-inline-color has-foreground-color\">.<\/mark><\/strong><\/p>\n<\/div>\n<\/div>\n\n\n\n<h2 class=\"wp-block-heading animated animated-fadeInUp has-large-font-size gutenify-section-914bd350-f4ce-11ee-9dbb-61a6e17aabea gtfy-11\" class=\"wp-block-heading animated animated-fadeInUp has-large-font-size gutenify-section-914bd350-f4ce-11ee-9dbb-61a6e17aabea gtfy-11\" id=\"otto-bagimsiz-denetim\">Otto Ba\u011f\u0131ms\u0131z Denetim<\/h2>\n\n\n\n<p class=\"gutenify-section-6751b6b0-0a4e-11ef-99c6-bdee58c0e280 gtfy-12\">Otto, merkezi Kayseri de bulunan ba\u011f\u0131ms\u0131z denetim, vergi ve dan\u0131\u015fmanl\u0131k hizmetleri alan\u0131nda kaliteli hizmet sunmaya odaklanm\u0131\u015f ulusal bir kurulu\u015ftur.<\/p>\n<\/div>\n\n\n\n<p class=\"gutenify-section-6f91d5d0-0a4e-11ef-99c6-bdee58c0e280 gtfy-14\">Kadromuzda yer alan uzmanlar\u0131m\u0131z, faaliyet g\u00f6sterdikleri alanlarda geni\u015f tecr\u00fcbeye sahiptirler ve sorunlara standart yakla\u015f\u0131mlar yerine sonu\u00e7 odakl\u0131 \u00e7\u00f6z\u00fcm \u00f6nerileri getirerek m\u00fc\u015fterilerimizin arad\u0131\u011f\u0131 de\u011feri yaratmak i\u00e7in \u00e7al\u0131\u015f\u0131yoruz.<\/p>\n\n\n\n<div class=\"wp-block-group alignwide gutenify-section-6f192360-0a4e-11ef-99c6-bdee58c0e280 is-layout-constrained wp-block-group-is-layout-constrained gtfy-22\">\n<ul style=\"line-height:2\" class=\"gutenify-list-style-two has-small-font-size gutenify-section-914d59f0-f4ce-11ee-9dbb-61a6e17aabea wp-block-list gtfy-16\">\n<li class=\"gutenify-section-3e7e4d70-11f1-11ef-84d3-31e53fda08f9 gtfy-15 gutenify-list-item\"><\/li>\n<\/ul>\n\n\n\n<div class=\"wp-block-group animated animated-fadeInUp gutenify-section-914ee090-f4ce-11ee-9dbb-61a6e17aabea is-layout-flex wp-block-group-is-layout-flex gtfy-19\">\n<ul style=\"line-height:2\" class=\"gutenify-list-style-two has-small-font-size gutenify-section-914e9270-f4ce-11ee-9dbb-61a6e17aabea wp-block-list gtfy-18\">\n<li class=\"gutenify-section-3e7ec2a0-11f1-11ef-84d3-31e53fda08f9 gtfy-17 gutenify-list-item\"><\/li>\n<\/ul>\n<\/div>\n\n\n\n<div class=\"wp-block-buttons animated animated-fadeInUp gutenify-section-914ff200-f4ce-11ee-9dbb-61a6e17aabea is-layout-flex wp-block-buttons-is-layout-flex gtfy-21\">\n<div class=\"wp-block-button is-style-fill gutenify-section-914f55c0-f4ce-11ee-9dbb-61a6e17aabea gtfy-20\" id=\"https:\/\/www.ottodenetim.com.tr\/index.php\/hizmetlerimiz\/\"><a class=\"wp-block-button__link wp-element-button\">Hizmetlerimizi \u0130ncele<\/a><\/div>\n<\/div>\n<\/div>\n<\/div>\n<\/div>\n<\/div>\n\n\n\n<div class=\"wp-block-group alignfull has-diagonal-background-to-tertiary-gradient-background has-background gutenify-section-b3919f10-f755-11ee-9869-21ceb15ff23e is-layout-constrained wp-container-core-group-is-layout-930f114c wp-block-group-is-layout-constrained gtfy-46\" style=\"border-style:none;border-width:0px;margin-top:0;margin-bottom:0;padding-top:0vw;padding-right:20px;padding-bottom:8vw;padding-left:20px\">\n<div class=\"wp-block-group alignwide gutenify-section-f58e8660-0a4e-11ef-99c6-bdee58c0e280 is-layout-constrained wp-block-group-is-layout-constrained gtfy-45\">\n<div class=\"wp-block-columns alignwide gutenify-section-b390dbc0-f755-11ee-9869-21ceb15ff23e is-layout-flex wp-container-core-columns-is-layout-b6100464 wp-block-columns-is-layout-flex gtfy-44\">\n<div class=\"wp-block-column is-vertically-aligned-center gutenify-section-b3908da0-f755-11ee-9869-21ceb15ff23e is-layout-flow wp-block-column-is-layout-flow gtfy-43\" style=\"padding-top:40px;padding-right:0px;padding-bottom:40px;padding-left:0px\">\n<h2 class=\"wp-block-heading animated animated-fadeInUp has-large-font-size gutenify-section-b38cbd10-f755-11ee-9869-21ceb15ff23e gtfy-26\" class=\"wp-block-heading animated animated-fadeInUp has-large-font-size gutenify-section-b38cbd10-f755-11ee-9869-21ceb15ff23e gtfy-26\" id=\"biz-kimiz-neden-otto\"><strong>Biz Kimiz? Neden Otto?<\/strong><\/h2>\n\n\n\n<p class=\"has-foreground-color has-text-color has-link-color gutenify-section-110f3c40-0a4f-11ef-99c6-bdee58c0e280 wp-elements-dfe0be60b865d1926976e2ec5289ccdb gtfy-27\">T\u00fcrkiye&#8217;de 2023 y\u0131l\u0131nda faaliyetlerine ba\u015flayan Otto Ba\u011f\u0131ms\u0131z Denetim, farkl\u0131 sekt\u00f6rlerde faaliyet g\u00f6steren bir\u00e7ok firman\u0131n tercihi olan, alan\u0131nda g\u00fc\u00e7l\u00fc ve g\u00fcvenilir bir kurulu\u015ftur. Merkez ofis Kayseri de olmak \u00fczere, her biri alan\u0131nda deneyimli uzman kadrosuyla hizmet vermektedir.<\/p>\n\n\n\n<p class=\"has-foreground-color has-text-color has-link-color gutenify-section-11130cd0-0a4f-11ef-99c6-bdee58c0e280 wp-elements-b757f5530424d15c5b1b660d4ee63018 gtfy-28\">Farkl\u0131 \u00f6l\u00e7ek ve sekt\u00f6rlerden firmalara denetim, vergi ve dan\u0131\u015fmanl\u0131k hizmetleri sunan Otto Ba\u011f\u0131ms\u0131z Denetimin m\u00fc\u015fteri grubunda, farkl\u0131 b\u00fcy\u00fckl\u00fcklerde aile \u015firketleri, \u00e7e\u015fitli sekt\u00f6rlerde faaliyet g\u00f6steren \u015firketler bulunmaktad\u0131r.<\/p>\n\n\n\n<h2 class=\"wp-block-heading animated animated-fadeInUp has-large-font-size gutenify-section-1b5d05b0-0a4f-11ef-99c6-bdee58c0e280 gtfy-29\" class=\"wp-block-heading animated animated-fadeInUp has-large-font-size gutenify-section-1b5d05b0-0a4f-11ef-99c6-bdee58c0e280 gtfy-29\" id=\"otto-is-etigi-kurallari\"><strong>Otto \u0130\u015f Eti\u011fi Kurallar\u0131<\/strong><\/h2>\n\n\n\n<p class=\"has-foreground-color has-text-color has-link-color gutenify-section-271bc440-0a4f-11ef-99c6-bdee58c0e280 wp-elements-fa40d7d8db5df4e667e1e59e7bc66604 gtfy-30\">En se\u00e7kin profesyonel hizmet sa\u011flayan Otto Ba\u011f\u0131ms\u0131z Denetim\u2019 in profesyonel kadrosu olarak, m\u00fc\u015fterilerimizin karma\u015f\u0131k i\u015f d\u00fcnyas\u0131 problemlerini \u00e7\u00f6zmelerine yard\u0131mc\u0131 olurken; onlar i\u00e7in de\u011fer yaratma, risk y\u00f6netimi ve performanslar\u0131n\u0131 art\u0131rma konular\u0131ndaki becerilerini geli\u015ftirmeyi hedefliyoruz. Ba\u011f\u0131ms\u0131z denet\u00e7iler olarak d\u00fcnya sermaye piyasalar\u0131nda \u00f6nemli bir rol oynuyoruz. Hizmetlerimizin i\u015f s\u00fcre\u00e7lerinde \u015feffafl\u0131k, g\u00fcven ve tutarl\u0131l\u0131k kavramlar\u0131n\u0131n geli\u015fmesine yard\u0131mc\u0131 olarak de\u011fer katmas\u0131 gurur kayna\u011f\u0131m\u0131z. Ba\u015far\u0131l\u0131 olmak i\u00e7in hem bireysel hem de mesleki olarak, ilerlemeli ve geli\u015fmeliyiz. Bunun i\u00e7inde, i\u015f yap\u0131\u015f \u015feklimizde, birbirimize kar\u015f\u0131 ili\u015fkilerimizde, toplumumuzda ve bilgiyi kullanma \u015feklimizde her zaman g\u00fcven olu\u015fturmak i\u00e7in \u00e7al\u0131\u015f\u0131yoruz.<\/p>\n\n\n\n<p class=\"has-foreground-color has-text-color has-link-color gutenify-section-271c8790-0a4f-11ef-99c6-bdee58c0e280 wp-elements-d934b29f5c181d95a62bef868df31be1 gtfy-31\">Mesleki tecr\u00fcbemiz ne olursa olsun, d\u00fcr\u00fcstl\u00fckle, y\u00fcr\u00fcrl\u00fckteki mesleki standartlara (\u00d6rn: Muhasebeciler i\u00e7in Uluslararas\u0131 Etik Standartlar Kurulu\u2019nun (IESBA) olu\u015fturdu\u011fu standartlar) ba\u011fl\u0131 kalarak ve onlar\u0131n rehberli\u011finde hareket ederiz.<\/p>\n\n\n\n<p class=\"has-foreground-color has-text-color has-link-color gutenify-section-271eaa70-0a4f-11ef-99c6-bdee58c0e280 wp-elements-f72eeca67260bea222f8c06aa26c6b2d gtfy-32\">\u0130\u015fimize devam etti\u011fimiz takdirde ba\u011f\u0131ms\u0131zl\u0131\u011f\u0131m\u0131z\u0131n, d\u00fcr\u00fcstl\u00fc\u011f\u00fcm\u00fcz\u00fcn, tarafs\u0131zl\u0131\u011f\u0131m\u0131z\u0131n veya profesyonelli\u011fimizin sorgulanaca\u011f\u0131 projelerde yer almamaya ya da s\u00f6z konusu m\u00fc\u015fterilerle \u00e7al\u0131\u015fmaktan vazge\u00e7meye haz\u0131r\u0131z.<\/p>\n\n\n\n<div class=\"wp-block-group gutenify-section-9d7f6240-0a4f-11ef-99c6-bdee58c0e280 is-nowrap is-layout-flex wp-container-core-group-is-layout-6c531013 wp-block-group-is-layout-flex gtfy-35\">\n<div class=\"wp-block-group animated animated-fadeInUp has-border-color has-foreground-border-color gutenify-section-9d7ace60-0a4f-11ef-99c6-bdee58c0e280 is-layout-constrained wp-container-core-group-is-layout-214964be wp-block-group-is-layout-constrained gtfy-34\" style=\"border-width:1px;border-radius:75px;margin-bottom:var(--wp--preset--spacing--40);padding-top:var(--wp--preset--spacing--20);padding-right:var(--wp--preset--spacing--50);padding-bottom:var(--wp--preset--spacing--20);padding-left:var(--wp--preset--spacing--50)\">\n<p class=\"has-text-align-left animated animated-fadeInUp has-foreground-color has-text-color gutenify-section-9d79e400-0a4f-11ef-99c6-bdee58c0e280 gtfy-33\" style=\"font-size:15px;letter-spacing:0px\">                    &nbsp;&nbsp;                    &nbsp;&nbsp;                    &nbsp;&nbsp;                    &nbsp;&nbsp;                    &nbsp;&nbsp;                    &nbsp;&nbsp;                    &nbsp;&nbsp;                    &nbsp;<\/p>\n<\/div>\n<\/div>\n\n\n\n<h2 class=\"wp-block-heading animated animated-fadeInUp has-large-font-size gutenify-section-1df081d0-0a4f-11ef-99c6-bdee58c0e280 gtfy-36\" class=\"wp-block-heading animated animated-fadeInUp has-large-font-size gutenify-section-1df081d0-0a4f-11ef-99c6-bdee58c0e280 gtfy-36\" id=\"gizlilik-politikamiz\"><strong>Gizlilik Politikam\u0131z<\/strong><\/h2>\n\n\n\n<p class=\"has-foreground-color has-text-color has-link-color gutenify-section-49b11190-0a4f-11ef-99c6-bdee58c0e280 wp-elements-a18fff7488e51465b4075a80615f1a1b gtfy-37\">S\u00f6zl\u00fc, yaz\u0131l\u0131, e-posta ile ya da farkl\u0131 bir formatta nas\u0131l al\u0131nm\u0131\u015f olursa olsun gizli bilgileri korumak, m\u00fc\u015fterilerimizin, \u00e7al\u0131\u015fanlar\u0131m\u0131z\u0131n ve birlikte \u00e7al\u0131\u015ft\u0131\u011f\u0131m\u0131z di\u011fer ki\u015filerin g\u00fcvenini kaybetmemek i\u00e7in \u00e7ok b\u00fcy\u00fck \u00f6nem ta\u015f\u0131r.<\/p>\n\n\n\n<p class=\"has-foreground-color has-text-color has-link-color gutenify-section-49b1fbf0-0a4f-11ef-99c6-bdee58c0e280 wp-elements-5770dc19ae2aca5a2ca103d4caa04a28 gtfy-38\">Sizi dinliyoruz ve harekete ge\u00e7iyoruz<br>Amac\u0131m\u0131z g\u00fcven olu\u015fturmak ve \u00f6nemli sorunlara kal\u0131c\u0131 \u00e7\u00f6z\u00fcmler \u00fcretmek<\/p>\n\n\n\n<p class=\"has-foreground-color has-text-color has-link-color gutenify-section-49b668c0-0a4f-11ef-99c6-bdee58c0e280 wp-elements-0ab8bf3704d36ab9803152eee8f33d92 gtfy-39\">G\u00fcn\u00fcm\u00fcz\u00fcn d\u00fcnyas\u0131nda karma\u015f\u0131kla\u015fan, sermaye piyasalar\u0131, vergi sistemleri veya \u015firketlerin ve toplumlar\u0131n var oldu\u011fu ekonomik sistemlerin fonksiyonlar\u0131n\u0131 yerine getirmelerine, uyum sa\u011flamalar\u0131na ve geli\u015fmelerine yard\u0131m ediyoruz. M\u00fc\u015fterilerimizin bilin\u00e7li kararlar vermelerini ve bu kararlar do\u011frultusunda faaliyet g\u00f6stermelerini sa\u011fl\u0131yoruz.<\/p>\n\n\n\n<div class=\"wp-block-group alignwide gutenify-section-b3901870-f755-11ee-9869-21ceb15ff23e is-layout-constrained wp-block-group-is-layout-constrained gtfy-41\">\n<figure class=\"wp-block-image aligncenter size-full is-resized gutenify-section-38b09530-2b1c-11ef-8690-751ef2143a56 gtfy-40\"><img loading=\"lazy\" decoding=\"async\" width=\"1130\" height=\"1600\" src=\"https:\/\/www.ottodenetim.com.tr\/wp-content\/uploads\/2024\/06\/markatescil.jpeg\" alt=\"\" class=\"wp-image-153\" style=\"width:950px\" srcset=\"https:\/\/www.ottodenetim.com.tr\/wp-content\/uploads\/2024\/06\/markatescil.jpeg 1130w, https:\/\/www.ottodenetim.com.tr\/wp-content\/uploads\/2024\/06\/markatescil-212x300.jpeg 212w, https:\/\/www.ottodenetim.com.tr\/wp-content\/uploads\/2024\/06\/markatescil-723x1024.jpeg 723w, https:\/\/www.ottodenetim.com.tr\/wp-content\/uploads\/2024\/06\/markatescil-768x1087.jpeg 768w, https:\/\/www.ottodenetim.com.tr\/wp-content\/uploads\/2024\/06\/markatescil-1085x1536.jpeg 1085w\" sizes=\"auto, (max-width: 1130px) 100vw, 1130px\" \/><\/figure>\n<\/div>\n\n\n\n<div class=\"wp-block-group alignwide gutenify-section-12724eb0-0a4f-11ef-99c6-bdee58c0e280 is-layout-constrained wp-block-group-is-layout-constrained gtfy-42\"><\/div>\n<\/div>\n<\/div>\n<\/div>\n<\/div>\n<\/div>\n","protected":false},"excerpt":{"rendered":"<p>. Hakk\u0131m\u0131zda . Otto Ba\u011f\u0131ms\u0131z Denetim Otto, merkezi Kayseri de bulunan ba\u011f\u0131ms\u0131z denetim, vergi ve [&hellip;]<\/p>\n","protected":false},"author":1,"featured_media":0,"parent":0,"menu_order":0,"comment_status":"closed","ping_status":"closed","template":"page-no-title","meta":{"om_disable_all_campaigns":false,"_monsterinsights_skip_tracking":false,"_monsterinsights_sitenote_active":false,"_monsterinsights_sitenote_note":"","_monsterinsights_sitenote_category":0,"_uf_show_specific_survey":0,"_uf_disable_surveys":false,"footnotes":""},"class_list":["post-26","page","type-page","status-publish","hentry"],"aioseo_notices":[],"_links":{"self":[{"href":"https:\/\/www.ottodenetim.com.tr\/index.php\/wp-json\/wp\/v2\/pages\/26","targetHints":{"allow":["GET"]}}],"collection":[{"href":"https:\/\/www.ottodenetim.com.tr\/index.php\/wp-json\/wp\/v2\/pages"}],"about":[{"href":"https:\/\/www.ottodenetim.com.tr\/index.php\/wp-json\/wp\/v2\/types\/page"}],"author":[{"embeddable":true,"href":"https:\/\/www.ottodenetim.com.tr\/index.php\/wp-json\/wp\/v2\/users\/1"}],"replies":[{"embeddable":true,"href":"https:\/\/www.ottodenetim.com.tr\/index.php\/wp-json\/wp\/v2\/comments?post=26"}],"version-history":[{"count":7,"href":"https:\/\/www.ottodenetim.com.tr\/index.php\/wp-json\/wp\/v2\/pages\/26\/revisions"}],"predecessor-version":[{"id":155,"href":"https:\/\/www.ottodenetim.com.tr\/index.php\/wp-json\/wp\/v2\/pages\/26\/revisions\/155"}],"wp:attachment":[{"href":"https:\/\/www.ottodenetim.com.tr\/index.php\/wp-json\/wp\/v2\/media?parent=26"}],"curies":[{"name":"wp","href":"https:\/\/api.w.org\/{rel}","templated":true}]}}